{"id":460,"date":"2020-12-25T19:56:11","date_gmt":"2020-12-25T18:56:11","guid":{"rendered":"http:\/\/thefinchinmybrain.com\/?page_id=460"},"modified":"2020-12-26T11:03:02","modified_gmt":"2020-12-26T10:03:02","slug":"un-nido-in-testa","status":"publish","type":"page","link":"https:\/\/thefinchinmybrain.com\/index.php\/accueil\/un-nido-in-testa\/","title":{"rendered":"Un nido in testa"},"content":{"rendered":"\n<div style=\"height:73px\" aria-hidden=\"true\" class=\"wp-block-spacer\"><\/div>\n\n\n\n<div class=\"wp-block-columns\">\n<div class=\"wp-block-column\" style=\"flex-basis:20%\"><\/div>\n\n\n\n<div class=\"wp-block-column\" style=\"flex-basis:30%\">\n<h2>Un nido in testa<\/h2>\n\n\n\n<figure class=\"wp-block-image size-large\"><img src=\"http:\/\/thefinchinmybrain.com\/wp-content\/uploads\/2020\/12\/un-nido-in-testa-649-1.jpg\" alt=\"\"\/><\/figure>\n<\/div>\n\n\n\n<div class=\"wp-block-column\" style=\"flex-basis:30%\">\n<div style=\"height:25px\" aria-hidden=\"true\" class=\"wp-block-spacer\"><\/div>\n\n\n\n<blockquote class=\"wp-block-quote\"><p>Un libro da leggere con cura e come cura.<\/p><cite>Edi Rabini<\/cite><\/blockquote>\n\n\n\n<blockquote class=\"wp-block-quote\"><p>Una opera ironica, commovente, potente che non pu\u00f2 non essere letta. Perch\u00e9 ha il sapore della vita vera.<\/p><cite>Claudio Volpe<\/cite><\/blockquote>\n\n\n\n<blockquote class=\"wp-block-quote\"><p>Ho appena finito di leggere ed \u00e8 un libro bellissimo. Ha la capacit\u00e0 di raccontare standoti a fianco, permettendo l&#8217;accompagnamento quasi amicale delle esperienze, quasi fino alla fine\u2026 Ma in una narrativa autoironica che consegna energia e luce, a prescindere\u2026<\/p><cite>Edvige Ricci<\/cite><\/blockquote>\n\n\n\n<blockquote class=\"wp-block-quote\"><p>Questo libro bellissimo, non \u00e8 un libro che parla solo di malattia, ma \u00e8 un libro che racconta di come \u00e8 capace un uomo intelligente e sensibile ad amare ogni momento della sua giornata e ad aumentare questa sua capacit\u00e0 d\u2019amare in proporzione allo sfuggire della vita. Col crescere della flessibilit\u00e0 rispetto agli impedimenti del corpo, Martino offre in parallelo, come protezione della sua vita un muro invalicabile di affetti: profondi, tenaci, innumerevoli, vari. Offre la sua pazienza quotidiana per circuire la bella signora dai capelli neri e come Sherazade, nelle Mille e una notte, lui l\u2019avr\u00e0 vinta sulla bella signora, ingannandola per ben nove anni, con la sua arguzia, con la sua sagace ironia, con la sua mutevole, sorprendente creativit\u00e0.<\/p><cite>Gabriella Giornelli<\/cite><\/blockquote>\n<\/div>\n\n\n\n<div class=\"wp-block-column\" style=\"flex-basis:20%\"><\/div>\n<\/div>\n\n\n\n<hr class=\"wp-block-separator\"\/>\n\n\n\n<p class=\"has-text-align-center has-normal-font-size\">Ordina qua: <a href=\"https:\/\/www.laurana.it\/scheda-libro\/martino-sclavi\/un-nido-in-testa-9788831984669-649.html\">Laurana Editore<\/a><\/p>\n\n\n\n<hr class=\"wp-block-separator\"\/>\n\n\n\n<div class=\"wp-block-columns\">\n<div class=\"wp-block-column is-vertically-aligned-top\" style=\"flex-basis:20%\"><\/div>\n\n\n\n<div class=\"wp-block-column\" style=\"flex-basis:60%\">\n<p><strong>Come non sapendo pi\u00f9 leggere ho imparato a vivere.<br><\/strong><br>Los Angeles, 2011. Quando Martino Sclavi comincia a soffrire di forti mal di testa, d\u00e0 la colpa allo stress del lavoro, fino a quando, un giorno di gennaio, non si risveglia in una camera d\u2019ospedale. Le speranze di una nuova avventura a Hollywood vengono frantumate da una cartella clinica che annuncia un futuro incerto: un tumore di quarto grado al cervello e diciotto mesi di vita. Martino si affaccia cos\u00ec su un nuovo mondo, fatto di medicinali, ospedali, neurochirurghi e un\u2019operazione al cervello da sveglio, dopo la quale scopre di non saper pi\u00f9 leggere. Sceglie di affrontare la realt\u00e0 da cineasta, vivendola come sequenze di un film di cui \u00e8 il protagonista.<\/p>\n\n\n\n<p><br>Raccontato con ironia, umorismo e profonda intelligenza, questo libro rivela la storia incredibile di un uomo che non si rassegna al destino. Che accetta, senza mai abbattersi, il fatto di aver perso la capacit\u00e0 di riconoscere le parole, di doversi far ripetere novantasei volte una frase per poterne ricordare il significato e di dover convivere con Alex, una voce elettronica che lo aiuta a scrivere questo libro, senza poterne rileggere una sola frase. Contro ogni aspettativa, nella ricerca delle parole giuste, Martino scoprir\u00e0 che \u00e8 possibile conquistare inediti spazi di autentica felicit\u00e0 non solo per s\u00e9, ma anche per coloro che lo circondano.<\/p>\n<\/div>\n\n\n\n<div class=\"wp-block-column\" style=\"flex-basis:20%\"><\/div>\n<\/div>\n\n\n\n<hr class=\"wp-block-separator\"\/>\n\n\n\n<div class=\"wp-block-columns\">\n<div class=\"wp-block-column\" style=\"flex-basis:20%\"><\/div>\n\n\n\n<div class=\"wp-block-column\" style=\"flex-basis:30%\">\n<blockquote class=\"wp-block-quote\"><p>Questo libro \u00e9 un piccolo capolavoro di medicina narrativa. E&#8217; un racconto profondamente soffuso di ascolto attivo, umorismo e inusuale capacit\u00e0 di osservazione di un paziente con tumore al cervello: come vive e vede ospedali, medici, infermiere e cure varie. E come tutto questo si ripercuote e riflette sulla sua vita familiare: la separazione dalla fino ad allora amatissima moglie e la inesauribile vitalit\u00e0 e creativit\u00e0 nel rapporto col figioletto. L&#8217;edizione italiana (\u00e9 uscito prima in inglese) ha un capitolo aggiuntivo dove madre, la nuova compagna, sorella e una cara amica di Londra raccontano il loro vissuto accanto all&#8217;autore nel corso degli ultimi cinque anni.<\/p><cite>Marianella Sclavi<\/cite><\/blockquote>\n<\/div>\n\n\n\n<div class=\"wp-block-column\" style=\"flex-basis:30%\">\n<blockquote class=\"wp-block-quote is-style-large\"><p>Siete probabilmente curiosi di scoprire come e perch\u00e9, il vostro narratore non sia pi\u00f9 stato in grado di leggere. Cercher\u00f2 di rispondere a tutte le vostre domande, ma vi chiedo, per favore, di essere pazienti, dato che per me si tratta di un cammino difficile da intraprendere. Vi prometto che ogni cosa verr\u00e0 spiegata a tempo debito. E ora partiamo.<\/p><\/blockquote>\n<\/div>\n\n\n\n<div class=\"wp-block-column\" style=\"flex-basis:20%\"><\/div>\n<\/div>\n","protected":false},"excerpt":{"rendered":"<p>Un nido in testa Un libro da leggere con cura e come cura. Edi Rabini Una opera ironica, commovente, potente che non pu\u00f2 non essere letta. Perch\u00e9 ha il sapore della vita vera. Claudio Volpe Ho appena finito di leggere ed \u00e8 un libro bellissimo. Ha la capacit\u00e0 di raccontare standoti a fianco, permettendo l&#8217;accompagnamento [&hellip;]<\/p>\n","protected":false},"author":1,"featured_media":0,"parent":16,"menu_order":0,"comment_status":"closed","ping_status":"closed","template":"","meta":[],"_links":{"self":[{"href":"https:\/\/thefinchinmybrain.com\/index.php\/wp-json\/wp\/v2\/pages\/460"}],"collection":[{"href":"https:\/\/thefinchinmybrain.com\/index.php\/wp-json\/wp\/v2\/pages"}],"about":[{"href":"https:\/\/thefinchinmybrain.com\/index.php\/wp-json\/wp\/v2\/types\/page"}],"author":[{"embeddable":true,"href":"https:\/\/thefinchinmybrain.com\/index.php\/wp-json\/wp\/v2\/users\/1"}],"replies":[{"embeddable":true,"href":"https:\/\/thefinchinmybrain.com\/index.php\/wp-json\/wp\/v2\/comments?post=460"}],"version-history":[{"count":33,"href":"https:\/\/thefinchinmybrain.com\/index.php\/wp-json\/wp\/v2\/pages\/460\/revisions"}],"predecessor-version":[{"id":509,"href":"https:\/\/thefinchinmybrain.com\/index.php\/wp-json\/wp\/v2\/pages\/460\/revisions\/509"}],"up":[{"embeddable":true,"href":"https:\/\/thefinchinmybrain.com\/index.php\/wp-json\/wp\/v2\/pages\/16"}],"wp:attachment":[{"href":"https:\/\/thefinchinmybrain.com\/index.php\/wp-json\/wp\/v2\/media?parent=460"}],"curies":[{"name":"wp","href":"https:\/\/api.w.org\/{rel}","templated":true}]}}